 {"id":15719,"date":"2021-11-22T18:13:46","date_gmt":"2021-11-22T17:13:46","guid":{"rendered":"https:\/\/www.zaslaw.pl\/finansowanie\/"},"modified":"2023-10-20T13:16:23","modified_gmt":"2023-10-20T11:16:23","slug":"finantare","status":"publish","type":"page","link":"https:\/\/www.zaslaw.pl\/ro\/vanzari\/finantare\/","title":{"rendered":"Finan\u021bare"},"content":{"rendered":"<h2 style=\"text-align: center;\"><strong>Korzystne opcje leasingowe<\/strong><\/h2>\n<p style=\"text-align: center;\">Z my\u015bl\u0105 o Pa\u0144stwa wygodzie zadbali\u015bmy bardzo korzystne opcje leasingowe do wyboru.<\/p>\n<p style=\"text-align: center;\">Dzi\u0119ki nim zaoszcz\u0119dz\u0105 Pa\u0144stwo nie tylko pieni\u0105dze, ale i cenny czas. Ka\u017cda z nich posiada wiele zalet, z kt\u00f3rymi warto si\u0119 zapozna\u0107 przed dokonaniem wyboru. Pozwoli to podj\u0105\u0107 decyzj\u0119, kt\u00f3ra b\u0119dzie najlepiej dopasowana do Pa\u0144stwa indywidualnych preferencji. Serdecznie zapraszamy do wsp\u00f3\u0142pracy i skorzystania z jednej z opcji leasingowych naszych partner\u00f3w.<\/p>\n<p style=\"text-align: center;\"><img loading=\"lazy\" decoding=\"async\" class=\"size-full wp-image-4380 aligncenter\" src=\"https:\/\/www.zaslaw.pl\/wp-content\/uploads\/2021\/11\/leasing-2.jpg\" alt=\"\" width=\"691\" height=\"400\" srcset=\"https:\/\/www.zaslaw.pl\/wp-content\/uploads\/2021\/11\/leasing-2.jpg 691w, https:\/\/www.zaslaw.pl\/wp-content\/uploads\/2021\/11\/leasing-2-300x174.jpg 300w, https:\/\/www.zaslaw.pl\/wp-content\/uploads\/2021\/11\/leasing-2-400x232.jpg 400w, https:\/\/www.zaslaw.pl\/wp-content\/uploads\/2021\/11\/leasing-2-600x347.jpg 600w\" sizes=\"auto, (max-width: 691px) 100vw, 691px\" \/><\/p>\n<h3 style=\"text-align: center;\">Zapraszamy do wsp\u00f3\u0142pracy!<\/h3>\n","protected":false},"excerpt":{"rendered":"<p>Korzystne opcje leasingowe Z my\u015bl\u0105 o Pa\u0144stwa wygodzie zadbali\u015bmy bardzo korzystne opcje leasingowe do wyboru. Dzi\u0119ki nim zaoszcz\u0119dz\u0105 Pa\u0144stwo nie tylko pieni\u0105dze, ale i cenny czas. Ka\u017cda z nich posiada wiele zalet, z kt\u00f3rymi warto si\u0119 zapozna\u0107 przed dokonaniem wyboru. Pozwoli to podj\u0105\u0107 decyzj\u0119, kt\u00f3ra b\u0119dzie najlepiej dopasowana do Pa\u0144stwa indywidualnych preferencji. Serdecznie zapraszamy do [&hellip;]<\/p>\n","protected":false},"author":4,"featured_media":0,"parent":15720,"menu_order":0,"comment_status":"closed","ping_status":"closed","template":"page-templates\/finance.php","meta":{"_acf_changed":false,"footnotes":""},"class_list":["post-15719","page","type-page","status-publish","hentry"],"acf":[],"_links":{"self":[{"href":"https:\/\/www.zaslaw.pl\/ro\/wp-json\/wp\/v2\/pages\/15719","targetHints":{"allow":["GET"]}}],"collection":[{"href":"https:\/\/www.zaslaw.pl\/ro\/wp-json\/wp\/v2\/pages"}],"about":[{"href":"https:\/\/www.zaslaw.pl\/ro\/wp-json\/wp\/v2\/types\/page"}],"author":[{"embeddable":true,"href":"https:\/\/www.zaslaw.pl\/ro\/wp-json\/wp\/v2\/users\/4"}],"replies":[{"embeddable":true,"href":"https:\/\/www.zaslaw.pl\/ro\/wp-json\/wp\/v2\/comments?post=15719"}],"version-history":[{"count":2,"href":"https:\/\/www.zaslaw.pl\/ro\/wp-json\/wp\/v2\/pages\/15719\/revisions"}],"predecessor-version":[{"id":15725,"href":"https:\/\/www.zaslaw.pl\/ro\/wp-json\/wp\/v2\/pages\/15719\/revisions\/15725"}],"up":[{"embeddable":true,"href":"https:\/\/www.zaslaw.pl\/ro\/wp-json\/wp\/v2\/pages\/15720"}],"wp:attachment":[{"href":"https:\/\/www.zaslaw.pl\/ro\/wp-json\/wp\/v2\/media?parent=15719"}],"curies":[{"name":"wp","href":"https:\/\/api.w.org\/{rel}","templated":true}]}}